{"id":45,"date":"2026-03-26T15:35:25","date_gmt":"2026-03-26T15:35:25","guid":{"rendered":"https:\/\/transportandoms.com\/?page_id=45"},"modified":"2026-03-27T19:40:05","modified_gmt":"2026-03-27T19:40:05","slug":"nosotros","status":"publish","type":"page","link":"https:\/\/transportandoms.com\/?page_id=45","title":{"rendered":"Nosotros"},"content":{"rendered":"\n<div class=\"wp-block-columns is-layout-flex wp-container-core-columns-is-layout-28f84493 wp-block-columns-is-layout-flex\">\n<div class=\"wp-block-column is-layout-flow wp-block-column-is-layout-flow\" style=\"flex-basis:100%\">\n<div class=\"wp-block-columns is-layout-flex wp-container-core-columns-is-layout-28f84493 wp-block-columns-is-layout-flex\">\n<div class=\"wp-block-column is-layout-flow wp-block-column-is-layout-flow\" style=\"flex-basis:100%\">\n<p><\/p>\n\n\n\n<h3 class=\"wp-block-heading\"><strong>MISI\u00d3N<\/strong><\/h3>\n\n\n\n<p>Proporcionar servicios de log\u00edstica confiable en el transporte de carga y soluciones sostenibles, orient\u00e1ndose a la satisfacci\u00f3n del cliente, la calidad del servicio y la mejora continua.<strong><\/strong><\/p>\n\n\n\n<p><\/p>\n\n\n\n<h3 class=\"wp-block-heading\"><strong>VISI\u00d2N<\/strong><\/h3>\n\n\n\n<p>Para el a\u00f1o 2030, Transportando MS S.A.S. ser\u00e1 un referente nacional en el servicio de transporte de carga y soluciones log\u00edsticas, reconocido por su eficiencia operativa, cumplimiento, innovaci\u00f3n tecnol\u00f3gica y compromiso con la sostenibilidad.<\/p>\n\n\n\n<p><\/p>\n\n\n\n<p><\/p>\n\n\n\n<h3 class=\"wp-block-heading\"><strong>Pol\u00edticas de Calidad<\/strong><\/h3>\n\n\n\n<p>En TRANSPORTANDO MS SAS, prestamos servicios de log\u00edstica y transporte con calidad, eficiencia y seguridad, cumpliendo los requisitos legales, normativos y contractuales. Nuestro objetivo es garantizar la satisfacci\u00f3n de los clientes y promover la mejora continua en todos los procesos.<br>Fomentamos la formaci\u00f3n y el compromiso del talento humano, fortalecemos las alianzas estrat\u00e9gicas y adoptamos tecnolog\u00edas que permitan la sostenibilidad, la innovaci\u00f3n y el crecimiento de la organizaci\u00f3n.<br>\u00c9xito para la Entrega de Nuestra Mercanc\u00eda<br>Prestar servicios de transporte y soluciones log\u00edsticas cumpliendo con los principios de las 7C de la log\u00edstica, para garantizar que cada operaci\u00f3n se realice con:<\/p>\n\n\n\n<ol class=\"wp-block-list\">\n<li><strong>\ud83d\uded2 El Producto Correcto<br><\/strong>Garantizar que se entrega el art\u00edculo solicitado siguiendo las \u00f3ptimas condiciones de embalaje y rotulaci\u00f3n de la mercanc\u00eda de acuerdo al c\u00f3digo 1013 del C\u00f3digo de Comercio.<\/li>\n\n\n\n<li><strong>\ud83d\udd22 La Cantidad Correcta<br><\/strong>Asegurar el volumen exacto sin excesos ni faltantes.<\/li>\n\n\n\n<li><strong>\ud83d\udce6 La Condici\u00f3n Correcta<br><\/strong>Verificar las condiciones de la mercanc\u00eda, tanto en materia como en transporte, para garantizar su estado \u00f3ptimo en el momento de la entrega.<\/li>\n\n\n\n<li><strong>\ud83d\udccd El Lugar Correcto<br><\/strong>Entregar en los destinos establecidos seg\u00fan el plan de transporte.<\/li>\n\n\n\n<li><strong>\u23f0 El Tiempo Correcto<br><\/strong>Respetar los plazos y tiempos de entrega establecidos para evitar retrasos y costos adicionales.<\/li>\n\n\n\n<li><strong>\ud83d\udcb0 El Costo Correcto<br><\/strong>Optimizar los procesos para minimizar los costos operativos, manteniendo siempre la calidad del servicio.<\/li>\n\n\n\n<li><strong>\ud83d\udc65 El Cliente Correcto<br><\/strong>Asegurar que la mercanc\u00eda llegue al destinatario adecuado, evitando errores en la direcci\u00f3n y devoluciones.<\/li>\n<\/ol>\n<\/div>\n<\/div>\n<\/div>\n<\/div>\n\n\n\n<div class=\"wp-block-columns alignwide is-layout-flex wp-container-core-columns-is-layout-28f84493 wp-block-columns-is-layout-flex\">\n<div class=\"wp-block-column is-layout-flow wp-block-column-is-layout-flow\" style=\"flex-basis:100%\"><\/div>\n<\/div>\n\n\n\n<p>\u00a1Nuestro compromiso es garantizar la excelencia en cada paso del proceso!<\/p>\n","protected":false},"excerpt":{"rendered":"<p>MISI\u00d3N Proporcionar servicios de log\u00edstica confiable en el transporte de carga y soluciones sostenibles, orient\u00e1ndose a la satisfacci\u00f3n del cliente, la calidad del servicio y la mejora continua. VISI\u00d2N Para el a\u00f1o 2030, Transportando MS S.A.S. ser\u00e1 un referente nacional en el servicio de transporte de carga y soluciones log\u00edsticas, reconocido por su eficiencia operativa, [&hellip;]<\/p>\n","protected":false},"author":1,"featured_media":0,"parent":0,"menu_order":0,"comment_status":"closed","ping_status":"closed","template":"","meta":{"footnotes":""},"class_list":["post-45","page","type-page","status-publish","hentry"],"_links":{"self":[{"href":"https:\/\/transportandoms.com\/index.php?rest_route=\/wp\/v2\/pages\/45","targetHints":{"allow":["GET"]}}],"collection":[{"href":"https:\/\/transportandoms.com\/index.php?rest_route=\/wp\/v2\/pages"}],"about":[{"href":"https:\/\/transportandoms.com\/index.php?rest_route=\/wp\/v2\/types\/page"}],"author":[{"embeddable":true,"href":"https:\/\/transportandoms.com\/index.php?rest_route=\/wp\/v2\/users\/1"}],"replies":[{"embeddable":true,"href":"https:\/\/transportandoms.com\/index.php?rest_route=%2Fwp%2Fv2%2Fcomments&post=45"}],"version-history":[{"count":21,"href":"https:\/\/transportandoms.com\/index.php?rest_route=\/wp\/v2\/pages\/45\/revisions"}],"predecessor-version":[{"id":81,"href":"https:\/\/transportandoms.com\/index.php?rest_route=\/wp\/v2\/pages\/45\/revisions\/81"}],"wp:attachment":[{"href":"https:\/\/transportandoms.com\/index.php?rest_route=%2Fwp%2Fv2%2Fmedia&parent=45"}],"curies":[{"name":"wp","href":"https:\/\/api.w.org\/{rel}","templated":true}]}}