{"id":50,"date":"2026-03-26T19:16:37","date_gmt":"2026-03-26T19:16:37","guid":{"rendered":"https:\/\/transportandoms.com\/?page_id=50"},"modified":"2026-03-27T19:33:55","modified_gmt":"2026-03-27T19:33:55","slug":"servicio","status":"publish","type":"page","link":"https:\/\/transportandoms.com\/?page_id=50","title":{"rendered":"Servicios"},"content":{"rendered":"\n<p>En Transportando MS S.A.S ofrecemos soluciones de transporte seguras, eficientes y confiables para personas y empresas.<\/p>\n\n\n\n<p><strong>\ud83c\udfd9 Transporte urbano<br><\/strong>Brindamos servicio de transporte urbano en Bogot\u00e1, garantizando puntualidad, seguridad y atenci\u00f3n profesional para cada cliente.<\/p>\n\n\n\n<p><strong>\ud83d\udce6 Transporte de carga<br><\/strong>Realizamos transporte de carga a diferentes destinos del pa\u00eds, asegurando que tus env\u00edos lleguen de manera r\u00e1pida y segura.<\/p>\n\n\n\n<p><strong>\ud83d\udccd Destinos principales<\/strong><\/p>\n\n\n\n<p>Medell\u00edn,Cali,Pereira,Armenia,Manizales,Barranquilla,Villavicencio,Tunja,Paipa,Duitama,Sogamoso<\/p>\n\n\n\n<p><strong>\u2705 Nuestro compromiso:<br><\/strong>Superar cada ruta con responsabilidad, transportando confianza en cada viaje.<\/p>\n\n\n\n<p>\u00bfPor qu\u00e9 elegirnos?<\/p>\n\n\n\n<p>\u2714 Transporte seguro<br>\u2714 Cumplimiento en los tiempos de entrega<br>\u2714 Personal capacitado<br>\u2714 Atenci\u00f3n personalizada<\/p>\n","protected":false},"excerpt":{"rendered":"<p>En Transportando MS S.A.S ofrecemos soluciones de transporte seguras, eficientes y confiables para personas y empresas. \ud83c\udfd9 Transporte urbanoBrindamos servicio de transporte urbano en Bogot\u00e1, garantizando puntualidad, seguridad y atenci\u00f3n profesional para cada cliente. \ud83d\udce6 Transporte de cargaRealizamos transporte de carga a diferentes destinos del pa\u00eds, asegurando que tus env\u00edos lleguen de manera r\u00e1pida y [&hellip;]<\/p>\n","protected":false},"author":1,"featured_media":0,"parent":0,"menu_order":0,"comment_status":"closed","ping_status":"closed","template":"","meta":{"footnotes":""},"class_list":["post-50","page","type-page","status-publish","hentry"],"_links":{"self":[{"href":"https:\/\/transportandoms.com\/index.php?rest_route=\/wp\/v2\/pages\/50","targetHints":{"allow":["GET"]}}],"collection":[{"href":"https:\/\/transportandoms.com\/index.php?rest_route=\/wp\/v2\/pages"}],"about":[{"href":"https:\/\/transportandoms.com\/index.php?rest_route=\/wp\/v2\/types\/page"}],"author":[{"embeddable":true,"href":"https:\/\/transportandoms.com\/index.php?rest_route=\/wp\/v2\/users\/1"}],"replies":[{"embeddable":true,"href":"https:\/\/transportandoms.com\/index.php?rest_route=%2Fwp%2Fv2%2Fcomments&post=50"}],"version-history":[{"count":5,"href":"https:\/\/transportandoms.com\/index.php?rest_route=\/wp\/v2\/pages\/50\/revisions"}],"predecessor-version":[{"id":75,"href":"https:\/\/transportandoms.com\/index.php?rest_route=\/wp\/v2\/pages\/50\/revisions\/75"}],"wp:attachment":[{"href":"https:\/\/transportandoms.com\/index.php?rest_route=%2Fwp%2Fv2%2Fmedia&parent=50"}],"curies":[{"name":"wp","href":"https:\/\/api.w.org\/{rel}","templated":true}]}}